{"id":970,"date":"2019-04-03T11:03:29","date_gmt":"2019-04-03T09:03:29","guid":{"rendered":"http:\/\/vast-cassowary.w5.wpsandbox.pro\/cart\/"},"modified":"2020-07-02T15:46:21","modified_gmt":"2020-07-02T13:46:21","slug":"alimentaria","status":"publish","type":"page","link":"https:\/\/www.lokcheng.com\/es\/alimentaria\/","title":{"rendered":"LUCHENG ALIMENTARIA S.L."},"content":{"rendered":"<div data-elementor-type=\"wp-page\" data-elementor-id=\"970\" class=\"elementor elementor-970\">\n\t\t\t\t\t\t<div class=\"elementor-inner\">\n\t\t\t\t<div class=\"elementor-section-wrap\">\n\t\t\t\t\t\t\t\t\t<section class=\"elementor-section elementor-top-section elementor-element elementor-element-e7da386 elementor-section-boxed elementor-section-height-default elementor-section-height-default\" data-id=\"e7da386\" data-element_type=\"section\">\n\t\t\t\t\t\t<div class=\"elementor-container elementor-column-gap-default\">\n\t\t\t\t\t\t\t<div class=\"elementor-row\">\n\t\t\t\t\t<div class=\"elementor-column elementor-col-100 elementor-top-column elementor-element elementor-element-fd3839e\" data-id=\"fd3839e\" data-element_type=\"column\">\n\t\t\t<div class=\"elementor-column-wrap elementor-element-populated\">\n\t\t\t\t\t\t\t<div class=\"elementor-widget-wrap\">\n\t\t\t\t\t\t\t\t<\/div>\n\t\t\t\t\t<\/div>\n\t\t<\/div>\n\t\t\t\t\t\t\t\t<\/div>\n\t\t\t\t\t<\/div>\n\t\t<\/section>\n\t\t\t\t<section class=\"elementor-section elementor-top-section elementor-element elementor-element-432097d elementor-section-stretched elementor-section-boxed elementor-section-height-default elementor-section-height-default\" data-id=\"432097d\" data-element_type=\"section\" data-settings=\"{&quot;stretch_section&quot;:&quot;section-stretched&quot;,&quot;background_background&quot;:&quot;classic&quot;}\">\n\t\t\t\t\t\t<div class=\"elementor-container elementor-column-gap-default\">\n\t\t\t\t\t\t\t<div class=\"elementor-row\">\n\t\t\t\t\t<div class=\"elementor-column elementor-col-100 elementor-top-column elementor-element elementor-element-1a64a0d\" data-id=\"1a64a0d\" data-element_type=\"column\">\n\t\t\t<div class=\"elementor-column-wrap elementor-element-populated\">\n\t\t\t\t\t\t\t<div class=\"elementor-widget-wrap\">\n\t\t\t\t\t\t<div class=\"elementor-element elementor-element-dfafa18 elementor-widget elementor-widget-text-editor\" data-id=\"dfafa18\" data-element_type=\"widget\" data-widget_type=\"text-editor.default\">\n\t\t\t\t<div class=\"elementor-widget-container\">\n\t\t\t\t\t\t\t\t<div class=\"elementor-text-editor elementor-clearfix\">\n\t\t\t\t<p>A principios de 1998, para resolver la escasez de comida asi\u00e1tica y los altos precios de los proveedores europeos. La compa\u00f1\u00eda estableci\u00f3 la primera empresa de importaci\u00f3n de alimentos como lo es la (ORIENTAL CITY FOOD TRADING COMPANY) En este momento ya cont\u00e1bamos con un almac\u00e9n Log\u00edstico de 1.000 metros cuadrados y con una plantilla de mas de 20 empleados, despu\u00e9s de eso, debido a la creciente demanda de productos operados por la compa\u00f1\u00eda, as\u00ed como tambi\u00e9n el modelo de gesti\u00f3n de las operaciones. En 2005 se logra fusionar la compa\u00f1\u00eda Alimentos Oriental City con la empresa Chen\u2019s Food Trading Company \nImportando mas de 200 contenedores a\u00f1o por a\u00f1o. Logrando as\u00ed ocupar el primer lugar en ventas al por mayor de alimentos, vajillas y electrodom\u00e9sticos asi\u00e1ticos en todo el territorio espa\u00f1ol.\nNuestras ventas se traducen en miles de productos colocados en pa\u00edses como lo son China, Tailandia, Jap\u00f3n Pa\u00edses Bajos, Francia, Alemania, Portugal entre otros actualmente existen mas de mil clientes repartidos en toda Espa\u00f1a como lo son Barcelona, Islas Canarias, Valencia, Alicante, Sevilla, M\u00e1laga entre otros .<\/p>\t\t\t\t\t<\/div>\n\t\t\t\t\t\t<\/div>\n\t\t\t\t<\/div>\n\t\t\t\t\t\t<\/div>\n\t\t\t\t\t<\/div>\n\t\t<\/div>\n\t\t\t\t\t\t\t\t<\/div>\n\t\t\t\t\t<\/div>\n\t\t<\/section>\n\t\t\t\t<section class=\"elementor-section elementor-top-section elementor-element elementor-element-78908d8 elementor-section-stretched elementor-section-boxed elementor-section-height-default elementor-section-height-default\" data-id=\"78908d8\" data-element_type=\"section\" data-settings=\"{&quot;stretch_section&quot;:&quot;section-stretched&quot;,&quot;background_background&quot;:&quot;classic&quot;}\">\n\t\t\t\t\t\t<div class=\"elementor-container elementor-column-gap-default\">\n\t\t\t\t\t\t\t<div class=\"elementor-row\">\n\t\t\t\t\t<div class=\"elementor-column elementor-col-50 elementor-top-column elementor-element elementor-element-7a3e838\" data-id=\"7a3e838\" data-element_type=\"column\">\n\t\t\t<div class=\"elementor-column-wrap elementor-element-populated\">\n\t\t\t\t\t\t\t<div class=\"elementor-widget-wrap\">\n\t\t\t\t\t\t<div class=\"elementor-element elementor-element-07b3ab1 scale-image-2 elementor-widget elementor-widget-image\" data-id=\"07b3ab1\" data-element_type=\"widget\" data-widget_type=\"image.default\">\n\t\t\t\t<div class=\"elementor-widget-container\">\n\t\t\t\t\t\t\t\t<div class=\"elementor-image\">\n\t\t\t\t\t\t\t\t\t\t\t\t<img width=\"4288\" height=\"2848\" src=\"https:\/\/www.lokcheng.com\/wp-content\/uploads\/2019\/10\/\u9648\u6c0f4.jpg\" class=\"attachment-full size-full\" alt=\"\" loading=\"lazy\" srcset=\"https:\/\/www.lokcheng.com\/wp-content\/uploads\/2019\/10\/\u9648\u6c0f4.jpg 4288w, https:\/\/www.lokcheng.com\/wp-content\/uploads\/2019\/10\/\u9648\u6c0f4-300x199.jpg 300w, https:\/\/www.lokcheng.com\/wp-content\/uploads\/2019\/10\/\u9648\u6c0f4-768x510.jpg 768w, https:\/\/www.lokcheng.com\/wp-content\/uploads\/2019\/10\/\u9648\u6c0f4-1024x680.jpg 1024w\" sizes=\"(max-width: 4288px) 100vw, 4288px\" \/>\t\t\t\t\t\t\t\t\t\t\t\t\t\t<\/div>\n\t\t\t\t\t\t<\/div>\n\t\t\t\t<\/div>\n\t\t\t\t\t\t<\/div>\n\t\t\t\t\t<\/div>\n\t\t<\/div>\n\t\t\t\t<div class=\"elementor-column elementor-col-50 elementor-top-column elementor-element elementor-element-c099d6b\" data-id=\"c099d6b\" data-element_type=\"column\">\n\t\t\t<div class=\"elementor-column-wrap elementor-element-populated\">\n\t\t\t\t\t\t\t<div class=\"elementor-widget-wrap\">\n\t\t\t\t\t\t<div class=\"elementor-element elementor-element-cafe634 scale-image-2 elementor-widget elementor-widget-image\" data-id=\"cafe634\" data-element_type=\"widget\" data-widget_type=\"image.default\">\n\t\t\t\t<div class=\"elementor-widget-container\">\n\t\t\t\t\t\t\t\t<div class=\"elementor-image\">\n\t\t\t\t\t\t\t\t\t\t\t\t<img width=\"812\" height=\"539\" src=\"https:\/\/www.lokcheng.com\/wp-content\/uploads\/2019\/10\/\u9648\u6c0f-3-1024x680.jpg\" class=\"attachment-large size-large\" alt=\"\" loading=\"lazy\" srcset=\"https:\/\/www.lokcheng.com\/wp-content\/uploads\/2019\/10\/\u9648\u6c0f-3-1024x680.jpg 1024w, https:\/\/www.lokcheng.com\/wp-content\/uploads\/2019\/10\/\u9648\u6c0f-3-300x199.jpg 300w, https:\/\/www.lokcheng.com\/wp-content\/uploads\/2019\/10\/\u9648\u6c0f-3-768x510.jpg 768w\" sizes=\"(max-width: 812px) 100vw, 812px\" \/>\t\t\t\t\t\t\t\t\t\t\t\t\t\t<\/div>\n\t\t\t\t\t\t<\/div>\n\t\t\t\t<\/div>\n\t\t\t\t\t\t<\/div>\n\t\t\t\t\t<\/div>\n\t\t<\/div>\n\t\t\t\t\t\t\t\t<\/div>\n\t\t\t\t\t<\/div>\n\t\t<\/section>\n\t\t\t\t<section class=\"elementor-section elementor-top-section elementor-element elementor-element-6c83208 elementor-section-stretched elementor-section-boxed elementor-section-height-default elementor-section-height-default\" data-id=\"6c83208\" data-element_type=\"section\" data-settings=\"{&quot;stretch_section&quot;:&quot;section-stretched&quot;,&quot;background_background&quot;:&quot;classic&quot;}\">\n\t\t\t\t\t\t<div class=\"elementor-container elementor-column-gap-default\">\n\t\t\t\t\t\t\t<div class=\"elementor-row\">\n\t\t\t\t\t<div class=\"elementor-column elementor-col-50 elementor-top-column elementor-element elementor-element-c8c1d0e\" data-id=\"c8c1d0e\" data-element_type=\"column\">\n\t\t\t<div class=\"elementor-column-wrap elementor-element-populated\">\n\t\t\t\t\t\t\t<div class=\"elementor-widget-wrap\">\n\t\t\t\t\t\t<div class=\"elementor-element elementor-element-bb2ab0e scale-image-2 elementor-widget elementor-widget-image\" data-id=\"bb2ab0e\" data-element_type=\"widget\" data-widget_type=\"image.default\">\n\t\t\t\t<div class=\"elementor-widget-container\">\n\t\t\t\t\t\t\t\t<div class=\"elementor-image\">\n\t\t\t\t\t\t\t\t\t\t\t\t<img width=\"812\" height=\"539\" src=\"https:\/\/www.lokcheng.com\/wp-content\/uploads\/2019\/10\/\u9648\u6c0f-2-1024x680.jpg\" class=\"attachment-large size-large\" alt=\"\" loading=\"lazy\" srcset=\"https:\/\/www.lokcheng.com\/wp-content\/uploads\/2019\/10\/\u9648\u6c0f-2-1024x680.jpg 1024w, https:\/\/www.lokcheng.com\/wp-content\/uploads\/2019\/10\/\u9648\u6c0f-2-300x199.jpg 300w, https:\/\/www.lokcheng.com\/wp-content\/uploads\/2019\/10\/\u9648\u6c0f-2-768x510.jpg 768w\" sizes=\"(max-width: 812px) 100vw, 812px\" \/>\t\t\t\t\t\t\t\t\t\t\t\t\t\t<\/div>\n\t\t\t\t\t\t<\/div>\n\t\t\t\t<\/div>\n\t\t\t\t\t\t<\/div>\n\t\t\t\t\t<\/div>\n\t\t<\/div>\n\t\t\t\t<div class=\"elementor-column elementor-col-50 elementor-top-column elementor-element elementor-element-e334b2a\" data-id=\"e334b2a\" data-element_type=\"column\">\n\t\t\t<div class=\"elementor-column-wrap elementor-element-populated\">\n\t\t\t\t\t\t\t<div class=\"elementor-widget-wrap\">\n\t\t\t\t\t\t<div class=\"elementor-element elementor-element-008164e scale-image-2 elementor-widget elementor-widget-image\" data-id=\"008164e\" data-element_type=\"widget\" data-widget_type=\"image.default\">\n\t\t\t\t<div class=\"elementor-widget-container\">\n\t\t\t\t\t\t\t\t<div class=\"elementor-image\">\n\t\t\t\t\t\t\t\t\t\t\t\t<img src=\"https:\/\/www.lokcheng.com\/wp-content\/uploads\/2019\/10\/\u9648\u6c0f-1.jpg\" title=\"\u9648\u6c0f (1)\" alt=\"\u9648\u6c0f (1)\" \/>\t\t\t\t\t\t\t\t\t\t\t\t\t\t<\/div>\n\t\t\t\t\t\t<\/div>\n\t\t\t\t<\/div>\n\t\t\t\t\t\t<\/div>\n\t\t\t\t\t<\/div>\n\t\t<\/div>\n\t\t\t\t\t\t\t\t<\/div>\n\t\t\t\t\t<\/div>\n\t\t<\/section>\n\t\t\t\t\t\t\t\t\t<\/div>\n\t\t\t<\/div>\n\t\t\t\t\t<\/div>","protected":false},"excerpt":{"rendered":"<p>\u57281998\u5e74\u521d\uff0c\u4e3a\u4e86\u89e3\u51b3\u4e9a\u6d32\u98df\u54c1\u7684\u77ed\u7f3a\u95ee\u9898\u4ee5\u53ca\u6b27\u6d32\u4f9b\u5e94\u5546\u7684\u9ad8\u6602\u4ef7\u683c\uff0c\u672c\u516c\u53f8\u6210\u7acb\u4e86\u7b2c\u4e00\u5bb6\u98df\u54c1\u8fdb\u53e3\u516c\u53f8\uff08\u4e1c\u65b9\u57ce\u98df\u54c1 [&hellip;]<\/p>","protected":false},"author":1,"featured_media":0,"parent":0,"menu_order":0,"comment_status":"closed","ping_status":"closed","template":"page-templates\/pagebuilder.php","meta":[],"_links":{"self":[{"href":"https:\/\/www.lokcheng.com\/es\/wp-json\/wp\/v2\/pages\/970"}],"collection":[{"href":"https:\/\/www.lokcheng.com\/es\/wp-json\/wp\/v2\/pages"}],"about":[{"href":"https:\/\/www.lokcheng.com\/es\/wp-json\/wp\/v2\/types\/page"}],"author":[{"embeddable":true,"href":"https:\/\/www.lokcheng.com\/es\/wp-json\/wp\/v2\/users\/1"}],"replies":[{"embeddable":true,"href":"https:\/\/www.lokcheng.com\/es\/wp-json\/wp\/v2\/comments?post=970"}],"version-history":[{"count":11,"href":"https:\/\/www.lokcheng.com\/es\/wp-json\/wp\/v2\/pages\/970\/revisions"}],"predecessor-version":[{"id":1748,"href":"https:\/\/www.lokcheng.com\/es\/wp-json\/wp\/v2\/pages\/970\/revisions\/1748"}],"wp:attachment":[{"href":"https:\/\/www.lokcheng.com\/es\/wp-json\/wp\/v2\/media?parent=970"}],"curies":[{"name":"wp","href":"https:\/\/api.w.org\/{rel}","templated":true}]}}