{"id":850,"date":"2017-03-09T03:18:12","date_gmt":"2017-03-09T02:18:12","guid":{"rendered":"http:\/\/blankinstall.web-dev.oxygen-is-really-amazing-and-everyone-loves-it.com\/?page_id=2"},"modified":"2020-07-02T15:46:58","modified_gmt":"2020-07-02T13:46:58","slug":"oriental-food","status":"publish","type":"page","link":"https:\/\/www.lokcheng.com\/es\/oriental-food\/","title":{"rendered":"ORIENTAL FOOD STORE S.L."},"content":{"rendered":"<div data-elementor-type=\"wp-page\" data-elementor-id=\"850\" class=\"elementor elementor-850\">\n\t\t\t\t\t\t<div class=\"elementor-inner\">\n\t\t\t\t<div class=\"elementor-section-wrap\">\n\t\t\t\t\t\t\t\t\t<section class=\"elementor-section elementor-top-section elementor-element elementor-element-a7a4d3a elementor-section-boxed elementor-section-height-default elementor-section-height-default\" data-id=\"a7a4d3a\" data-element_type=\"section\">\n\t\t\t\t\t\t<div class=\"elementor-container elementor-column-gap-default\">\n\t\t\t\t\t\t\t<div class=\"elementor-row\">\n\t\t\t\t\t<div class=\"elementor-column elementor-col-100 elementor-top-column elementor-element elementor-element-ae21850\" data-id=\"ae21850\" data-element_type=\"column\">\n\t\t\t<div class=\"elementor-column-wrap elementor-element-populated\">\n\t\t\t\t\t\t\t<div class=\"elementor-widget-wrap\">\n\t\t\t\t\t\t\t\t<\/div>\n\t\t\t\t\t<\/div>\n\t\t<\/div>\n\t\t\t\t\t\t\t\t<\/div>\n\t\t\t\t\t<\/div>\n\t\t<\/section>\n\t\t\t\t<section class=\"elementor-section elementor-top-section elementor-element elementor-element-975cdc4 elementor-section-stretched elementor-section-boxed elementor-section-height-default elementor-section-height-default\" data-id=\"975cdc4\" data-element_type=\"section\" data-settings=\"{&quot;stretch_section&quot;:&quot;section-stretched&quot;}\">\n\t\t\t\t\t\t<div class=\"elementor-container elementor-column-gap-default\">\n\t\t\t\t\t\t\t<div class=\"elementor-row\">\n\t\t\t\t\t<div class=\"elementor-column elementor-col-100 elementor-top-column elementor-element elementor-element-9d58868\" data-id=\"9d58868\" data-element_type=\"column\">\n\t\t\t<div class=\"elementor-column-wrap elementor-element-populated\">\n\t\t\t\t\t\t\t<div class=\"elementor-widget-wrap\">\n\t\t\t\t\t\t<div class=\"elementor-element elementor-element-e7d6614 elementor-widget elementor-widget-text-editor\" data-id=\"e7d6614\" data-element_type=\"widget\" data-widget_type=\"text-editor.default\">\n\t\t\t\t<div class=\"elementor-widget-container\">\n\t\t\t\t\t\t\t\t<div class=\"elementor-text-editor elementor-clearfix\">\n\t\t\t\t<p>A principios de 1998, para resolver la escasez de comida asi\u00e1tica y los altos precios de los proveedores europeos. La compa\u00f1\u00eda estableci\u00f3 la primera empresa de importaci\u00f3n de alimentos como lo es la (ORIENTAL CITY FOOD TRADING COMPANY) En este momento ya cont\u00e1bamos con un almac\u00e9n Log\u00edstico de 1.000 metros cuadrados y con una plantilla de mas de 20 empleados, despu\u00e9s de eso, debido a la creciente demanda de productos operados por la compa\u00f1\u00eda, as\u00ed como tambi\u00e9n el modelo de gesti\u00f3n de las operaciones. En 2005 se logra fusionar la compa\u00f1\u00eda Alimentos Oriental City con la empresa Chen\u2019s Food Trading Company \nImportando mas de 200 contenedores a\u00f1o por a\u00f1o. Logrando ocupar el primer lugar en ventas al por mayor de alimentos, vajillas y electrodom\u00e9sticos asi\u00e1ticos en todo el territorio espa\u00f1ol.<br \/>Nuestras ventas se traducen en miles de productos colocados en pa\u00edses como lo son China, Tailandia, Jap\u00f3n Pa\u00edses Bajos, Francia, Alemania, Portugal entre otros actualmente existen mas de mil clientes repartidos en toda Espa\u00f1a como lo son Barcelona, Islas Canarias, Valencia, Alicante, Sevilla, M\u00e1laga entre otros .<\/p>\t\t\t\t\t<\/div>\n\t\t\t\t\t\t<\/div>\n\t\t\t\t<\/div>\n\t\t\t\t\t\t<\/div>\n\t\t\t\t\t<\/div>\n\t\t<\/div>\n\t\t\t\t\t\t\t\t<\/div>\n\t\t\t\t\t<\/div>\n\t\t<\/section>\n\t\t\t\t<section class=\"elementor-section elementor-top-section elementor-element elementor-element-6331bc2 elementor-section-stretched elementor-section-boxed elementor-section-height-default elementor-section-height-default\" data-id=\"6331bc2\" data-element_type=\"section\" data-settings=\"{&quot;stretch_section&quot;:&quot;section-stretched&quot;,&quot;background_background&quot;:&quot;classic&quot;}\">\n\t\t\t\t\t\t<div class=\"elementor-container elementor-column-gap-default\">\n\t\t\t\t\t\t\t<div class=\"elementor-row\">\n\t\t\t\t\t<div class=\"elementor-column elementor-col-33 elementor-top-column elementor-element elementor-element-79176ca scale-image\" data-id=\"79176ca\" data-element_type=\"column\">\n\t\t\t<div class=\"elementor-column-wrap elementor-element-populated\">\n\t\t\t\t\t\t\t<div class=\"elementor-widget-wrap\">\n\t\t\t\t\t\t<div class=\"elementor-element elementor-element-39f777d elementor-widget elementor-widget-image\" data-id=\"39f777d\" data-element_type=\"widget\" data-widget_type=\"image.default\">\n\t\t\t\t<div class=\"elementor-widget-container\">\n\t\t\t\t\t\t\t\t<div class=\"elementor-image\">\n\t\t\t\t\t\t\t\t\t\t\t\t<img width=\"812\" height=\"539\" src=\"https:\/\/www.lokcheng.com\/wp-content\/uploads\/2019\/10\/DSC_0029-1024x680.jpg\" class=\"attachment-large size-large\" alt=\"\" loading=\"lazy\" srcset=\"https:\/\/www.lokcheng.com\/wp-content\/uploads\/2019\/10\/DSC_0029-1024x680.jpg 1024w, https:\/\/www.lokcheng.com\/wp-content\/uploads\/2019\/10\/DSC_0029-300x199.jpg 300w, https:\/\/www.lokcheng.com\/wp-content\/uploads\/2019\/10\/DSC_0029-768x510.jpg 768w\" sizes=\"(max-width: 812px) 100vw, 812px\" \/>\t\t\t\t\t\t\t\t\t\t\t\t\t\t<\/div>\n\t\t\t\t\t\t<\/div>\n\t\t\t\t<\/div>\n\t\t\t\t\t\t<\/div>\n\t\t\t\t\t<\/div>\n\t\t<\/div>\n\t\t\t\t<div class=\"elementor-column elementor-col-33 elementor-top-column elementor-element elementor-element-c532a0d scale-image\" data-id=\"c532a0d\" data-element_type=\"column\">\n\t\t\t<div class=\"elementor-column-wrap elementor-element-populated\">\n\t\t\t\t\t\t\t<div class=\"elementor-widget-wrap\">\n\t\t\t\t\t\t<div class=\"elementor-element elementor-element-e089a97 elementor-widget elementor-widget-image\" data-id=\"e089a97\" data-element_type=\"widget\" data-widget_type=\"image.default\">\n\t\t\t\t<div class=\"elementor-widget-container\">\n\t\t\t\t\t\t\t\t<div class=\"elementor-image\">\n\t\t\t\t\t\t\t\t\t\t\t\t<img width=\"812\" height=\"539\" src=\"https:\/\/www.lokcheng.com\/wp-content\/uploads\/2019\/10\/DSC_00566-\u7c73\u9762\u98df\u54c1\u533a-1024x680.jpg\" class=\"attachment-large size-large\" alt=\"\" loading=\"lazy\" srcset=\"https:\/\/www.lokcheng.com\/wp-content\/uploads\/2019\/10\/DSC_00566-\u7c73\u9762\u98df\u54c1\u533a-1024x680.jpg 1024w, https:\/\/www.lokcheng.com\/wp-content\/uploads\/2019\/10\/DSC_00566-\u7c73\u9762\u98df\u54c1\u533a-300x199.jpg 300w, https:\/\/www.lokcheng.com\/wp-content\/uploads\/2019\/10\/DSC_00566-\u7c73\u9762\u98df\u54c1\u533a-768x510.jpg 768w\" sizes=\"(max-width: 812px) 100vw, 812px\" \/>\t\t\t\t\t\t\t\t\t\t\t\t\t\t<\/div>\n\t\t\t\t\t\t<\/div>\n\t\t\t\t<\/div>\n\t\t\t\t\t\t<\/div>\n\t\t\t\t\t<\/div>\n\t\t<\/div>\n\t\t\t\t<div class=\"elementor-column elementor-col-33 elementor-top-column elementor-element elementor-element-b4e7101 scale-image\" data-id=\"b4e7101\" data-element_type=\"column\">\n\t\t\t<div class=\"elementor-column-wrap elementor-element-populated\">\n\t\t\t\t\t\t\t<div class=\"elementor-widget-wrap\">\n\t\t\t\t\t\t<div class=\"elementor-element elementor-element-50e9331 elementor-widget elementor-widget-image\" data-id=\"50e9331\" data-element_type=\"widget\" data-widget_type=\"image.default\">\n\t\t\t\t<div class=\"elementor-widget-container\">\n\t\t\t\t\t\t\t\t<div class=\"elementor-image\">\n\t\t\t\t\t\t\t\t\t\t\t\t<img width=\"812\" height=\"539\" src=\"https:\/\/www.lokcheng.com\/wp-content\/uploads\/2019\/10\/DSC_00499-\u997c\u5e72\u4e13\u67dc-1024x680.jpg\" class=\"attachment-large size-large\" alt=\"\" loading=\"lazy\" srcset=\"https:\/\/www.lokcheng.com\/wp-content\/uploads\/2019\/10\/DSC_00499-\u997c\u5e72\u4e13\u67dc-1024x680.jpg 1024w, https:\/\/www.lokcheng.com\/wp-content\/uploads\/2019\/10\/DSC_00499-\u997c\u5e72\u4e13\u67dc-300x199.jpg 300w, https:\/\/www.lokcheng.com\/wp-content\/uploads\/2019\/10\/DSC_00499-\u997c\u5e72\u4e13\u67dc-768x510.jpg 768w\" sizes=\"(max-width: 812px) 100vw, 812px\" \/>\t\t\t\t\t\t\t\t\t\t\t\t\t\t<\/div>\n\t\t\t\t\t\t<\/div>\n\t\t\t\t<\/div>\n\t\t\t\t\t\t<\/div>\n\t\t\t\t\t<\/div>\n\t\t<\/div>\n\t\t\t\t\t\t\t\t<\/div>\n\t\t\t\t\t<\/div>\n\t\t<\/section>\n\t\t\t\t<section class=\"elementor-section elementor-top-section elementor-element elementor-element-db7da06 elementor-section-stretched elementor-section-boxed elementor-section-height-default elementor-section-height-default\" data-id=\"db7da06\" data-element_type=\"section\" data-settings=\"{&quot;stretch_section&quot;:&quot;section-stretched&quot;,&quot;background_background&quot;:&quot;classic&quot;}\">\n\t\t\t\t\t\t<div class=\"elementor-container elementor-column-gap-default\">\n\t\t\t\t\t\t\t<div class=\"elementor-row\">\n\t\t\t\t\t<div class=\"elementor-column elementor-col-33 elementor-top-column elementor-element elementor-element-b34f079 scale-image\" data-id=\"b34f079\" data-element_type=\"column\">\n\t\t\t<div class=\"elementor-column-wrap elementor-element-populated\">\n\t\t\t\t\t\t\t<div class=\"elementor-widget-wrap\">\n\t\t\t\t\t\t<div class=\"elementor-element elementor-element-4924a2d elementor-widget elementor-widget-image\" data-id=\"4924a2d\" data-element_type=\"widget\" data-widget_type=\"image.default\">\n\t\t\t\t<div class=\"elementor-widget-container\">\n\t\t\t\t\t\t\t\t<div class=\"elementor-image\">\n\t\t\t\t\t\t\t\t\t\t\t\t<img width=\"812\" height=\"539\" src=\"https:\/\/www.lokcheng.com\/wp-content\/uploads\/2019\/10\/DSC_0052-1024x680.jpg\" class=\"attachment-large size-large\" alt=\"\" loading=\"lazy\" srcset=\"https:\/\/www.lokcheng.com\/wp-content\/uploads\/2019\/10\/DSC_0052-1024x680.jpg 1024w, https:\/\/www.lokcheng.com\/wp-content\/uploads\/2019\/10\/DSC_0052-300x199.jpg 300w, https:\/\/www.lokcheng.com\/wp-content\/uploads\/2019\/10\/DSC_0052-768x510.jpg 768w\" sizes=\"(max-width: 812px) 100vw, 812px\" \/>\t\t\t\t\t\t\t\t\t\t\t\t\t\t<\/div>\n\t\t\t\t\t\t<\/div>\n\t\t\t\t<\/div>\n\t\t\t\t\t\t<\/div>\n\t\t\t\t\t<\/div>\n\t\t<\/div>\n\t\t\t\t<div class=\"elementor-column elementor-col-33 elementor-top-column elementor-element elementor-element-13360bc scale-image\" data-id=\"13360bc\" data-element_type=\"column\">\n\t\t\t<div class=\"elementor-column-wrap elementor-element-populated\">\n\t\t\t\t\t\t\t<div class=\"elementor-widget-wrap\">\n\t\t\t\t\t\t<div class=\"elementor-element elementor-element-bfd1705 elementor-widget elementor-widget-image\" data-id=\"bfd1705\" data-element_type=\"widget\" data-widget_type=\"image.default\">\n\t\t\t\t<div class=\"elementor-widget-container\">\n\t\t\t\t\t\t\t\t<div class=\"elementor-image\">\n\t\t\t\t\t\t\t\t\t\t\t\t<img width=\"812\" height=\"539\" src=\"https:\/\/www.lokcheng.com\/wp-content\/uploads\/2019\/10\/DSC_0039-1024x680.jpg\" class=\"attachment-large size-large\" alt=\"\" loading=\"lazy\" srcset=\"https:\/\/www.lokcheng.com\/wp-content\/uploads\/2019\/10\/DSC_0039-1024x680.jpg 1024w, https:\/\/www.lokcheng.com\/wp-content\/uploads\/2019\/10\/DSC_0039-300x199.jpg 300w, https:\/\/www.lokcheng.com\/wp-content\/uploads\/2019\/10\/DSC_0039-768x510.jpg 768w\" sizes=\"(max-width: 812px) 100vw, 812px\" \/>\t\t\t\t\t\t\t\t\t\t\t\t\t\t<\/div>\n\t\t\t\t\t\t<\/div>\n\t\t\t\t<\/div>\n\t\t\t\t\t\t<\/div>\n\t\t\t\t\t<\/div>\n\t\t<\/div>\n\t\t\t\t<div class=\"elementor-column elementor-col-33 elementor-top-column elementor-element elementor-element-fd6f9eb\" data-id=\"fd6f9eb\" data-element_type=\"column\">\n\t\t\t<div class=\"elementor-column-wrap elementor-element-populated\">\n\t\t\t\t\t\t\t<div class=\"elementor-widget-wrap\">\n\t\t\t\t\t\t<div class=\"elementor-element elementor-element-60dd872 scale-image elementor-widget elementor-widget-image\" data-id=\"60dd872\" data-element_type=\"widget\" data-widget_type=\"image.default\">\n\t\t\t\t<div class=\"elementor-widget-container\">\n\t\t\t\t\t\t\t\t<div class=\"elementor-image\">\n\t\t\t\t\t\t\t\t\t\t\t\t<img width=\"812\" height=\"539\" src=\"https:\/\/www.lokcheng.com\/wp-content\/uploads\/2019\/10\/DSC_0035-1024x680.jpg\" class=\"attachment-large size-large\" alt=\"\" loading=\"lazy\" srcset=\"https:\/\/www.lokcheng.com\/wp-content\/uploads\/2019\/10\/DSC_0035-1024x680.jpg 1024w, https:\/\/www.lokcheng.com\/wp-content\/uploads\/2019\/10\/DSC_0035-300x199.jpg 300w, https:\/\/www.lokcheng.com\/wp-content\/uploads\/2019\/10\/DSC_0035-768x510.jpg 768w\" sizes=\"(max-width: 812px) 100vw, 812px\" \/>\t\t\t\t\t\t\t\t\t\t\t\t\t\t<\/div>\n\t\t\t\t\t\t<\/div>\n\t\t\t\t<\/div>\n\t\t\t\t\t\t<\/div>\n\t\t\t\t\t<\/div>\n\t\t<\/div>\n\t\t\t\t\t\t\t\t<\/div>\n\t\t\t\t\t<\/div>\n\t\t<\/section>\n\t\t\t\t<section class=\"elementor-section elementor-top-section elementor-element elementor-element-e60e3d0 elementor-section-stretched elementor-section-boxed elementor-section-height-default elementor-section-height-default\" data-id=\"e60e3d0\" data-element_type=\"section\" data-settings=\"{&quot;stretch_section&quot;:&quot;section-stretched&quot;,&quot;background_background&quot;:&quot;classic&quot;}\">\n\t\t\t\t\t\t<div class=\"elementor-container elementor-column-gap-default\">\n\t\t\t\t\t\t\t<div class=\"elementor-row\">\n\t\t\t\t\t<div class=\"elementor-column elementor-col-33 elementor-top-column elementor-element elementor-element-0e44f0b scale-image\" data-id=\"0e44f0b\" data-element_type=\"column\">\n\t\t\t<div class=\"elementor-column-wrap elementor-element-populated\">\n\t\t\t\t\t\t\t<div class=\"elementor-widget-wrap\">\n\t\t\t\t\t\t<div class=\"elementor-element elementor-element-ca8cfa7 elementor-widget elementor-widget-image\" data-id=\"ca8cfa7\" data-element_type=\"widget\" data-widget_type=\"image.default\">\n\t\t\t\t<div class=\"elementor-widget-container\">\n\t\t\t\t\t\t\t\t<div class=\"elementor-image\">\n\t\t\t\t\t\t\t\t\t\t\t\t<img width=\"812\" height=\"539\" src=\"https:\/\/www.lokcheng.com\/wp-content\/uploads\/2019\/10\/DSC_00600-1024x680.jpg\" class=\"attachment-large size-large\" alt=\"\" loading=\"lazy\" srcset=\"https:\/\/www.lokcheng.com\/wp-content\/uploads\/2019\/10\/DSC_00600-1024x680.jpg 1024w, https:\/\/www.lokcheng.com\/wp-content\/uploads\/2019\/10\/DSC_00600-300x199.jpg 300w, https:\/\/www.lokcheng.com\/wp-content\/uploads\/2019\/10\/DSC_00600-768x510.jpg 768w\" sizes=\"(max-width: 812px) 100vw, 812px\" \/>\t\t\t\t\t\t\t\t\t\t\t\t\t\t<\/div>\n\t\t\t\t\t\t<\/div>\n\t\t\t\t<\/div>\n\t\t\t\t\t\t<\/div>\n\t\t\t\t\t<\/div>\n\t\t<\/div>\n\t\t\t\t<div class=\"elementor-column elementor-col-33 elementor-top-column elementor-element elementor-element-73b29fd scale-image\" data-id=\"73b29fd\" data-element_type=\"column\">\n\t\t\t<div class=\"elementor-column-wrap elementor-element-populated\">\n\t\t\t\t\t\t\t<div class=\"elementor-widget-wrap\">\n\t\t\t\t\t\t<div class=\"elementor-element elementor-element-9825216 elementor-widget elementor-widget-image\" data-id=\"9825216\" data-element_type=\"widget\" data-widget_type=\"image.default\">\n\t\t\t\t<div class=\"elementor-widget-container\">\n\t\t\t\t\t\t\t\t<div class=\"elementor-image\">\n\t\t\t\t\t\t\t\t\t\t\t\t<img width=\"812\" height=\"539\" src=\"https:\/\/www.lokcheng.com\/wp-content\/uploads\/2019\/10\/DSC_00455-1024x680.jpg\" class=\"attachment-large size-large\" alt=\"\" loading=\"lazy\" srcset=\"https:\/\/www.lokcheng.com\/wp-content\/uploads\/2019\/10\/DSC_00455-1024x680.jpg 1024w, https:\/\/www.lokcheng.com\/wp-content\/uploads\/2019\/10\/DSC_00455-300x199.jpg 300w, https:\/\/www.lokcheng.com\/wp-content\/uploads\/2019\/10\/DSC_00455-768x510.jpg 768w\" sizes=\"(max-width: 812px) 100vw, 812px\" \/>\t\t\t\t\t\t\t\t\t\t\t\t\t\t<\/div>\n\t\t\t\t\t\t<\/div>\n\t\t\t\t<\/div>\n\t\t\t\t\t\t<\/div>\n\t\t\t\t\t<\/div>\n\t\t<\/div>\n\t\t\t\t<div class=\"elementor-column elementor-col-33 elementor-top-column elementor-element elementor-element-1361eed\" data-id=\"1361eed\" data-element_type=\"column\">\n\t\t\t<div class=\"elementor-column-wrap elementor-element-populated\">\n\t\t\t\t\t\t\t<div class=\"elementor-widget-wrap\">\n\t\t\t\t\t\t<div class=\"elementor-element elementor-element-9a7e97a scale-image elementor-widget elementor-widget-image\" data-id=\"9a7e97a\" data-element_type=\"widget\" data-widget_type=\"image.default\">\n\t\t\t\t<div class=\"elementor-widget-container\">\n\t\t\t\t\t\t\t\t<div class=\"elementor-image\">\n\t\t\t\t\t\t\t\t\t\t\t\t<img width=\"812\" height=\"539\" src=\"https:\/\/www.lokcheng.com\/wp-content\/uploads\/2019\/10\/DSC_0051-1024x680.jpg\" class=\"attachment-large size-large\" alt=\"\" loading=\"lazy\" srcset=\"https:\/\/www.lokcheng.com\/wp-content\/uploads\/2019\/10\/DSC_0051-1024x680.jpg 1024w, https:\/\/www.lokcheng.com\/wp-content\/uploads\/2019\/10\/DSC_0051-300x199.jpg 300w, https:\/\/www.lokcheng.com\/wp-content\/uploads\/2019\/10\/DSC_0051-768x510.jpg 768w\" sizes=\"(max-width: 812px) 100vw, 812px\" \/>\t\t\t\t\t\t\t\t\t\t\t\t\t\t<\/div>\n\t\t\t\t\t\t<\/div>\n\t\t\t\t<\/div>\n\t\t\t\t\t\t<\/div>\n\t\t\t\t\t<\/div>\n\t\t<\/div>\n\t\t\t\t\t\t\t\t<\/div>\n\t\t\t\t\t<\/div>\n\t\t<\/section>\n\t\t\t\t\t\t\t\t\t<\/div>\n\t\t\t<\/div>\n\t\t\t\t\t<\/div>","protected":false},"excerpt":{"rendered":"<p>\u897f\u73ed\u7259\u9e7f\u57ce\u5546\u573a\u4e8e1994\u5e74\u5728\u9a6c\u5fb7\u91ccusera\u533a\u6210\u7acb\u4e86\u7b2c\u4e00\u5bb6\u534e\u4eba\u5927\u578b\u96f6\u552e\u8d85\u5e02\uff0c\u5e72\u8d27\u3001\u767e\u8d27\u3001\u51b7\u51bb\u3001\u9c9c\u8d27\u5e94\u6709\u5c3d\u6709\u3002\u4e3a [&hellip;]<\/p>","protected":false},"author":1,"featured_media":0,"parent":0,"menu_order":0,"comment_status":"closed","ping_status":"closed","template":"page-templates\/pagebuilder.php","meta":[],"_links":{"self":[{"href":"https:\/\/www.lokcheng.com\/es\/wp-json\/wp\/v2\/pages\/850"}],"collection":[{"href":"https:\/\/www.lokcheng.com\/es\/wp-json\/wp\/v2\/pages"}],"about":[{"href":"https:\/\/www.lokcheng.com\/es\/wp-json\/wp\/v2\/types\/page"}],"author":[{"embeddable":true,"href":"https:\/\/www.lokcheng.com\/es\/wp-json\/wp\/v2\/users\/1"}],"replies":[{"embeddable":true,"href":"https:\/\/www.lokcheng.com\/es\/wp-json\/wp\/v2\/comments?post=850"}],"version-history":[{"count":24,"href":"https:\/\/www.lokcheng.com\/es\/wp-json\/wp\/v2\/pages\/850\/revisions"}],"predecessor-version":[{"id":1895,"href":"https:\/\/www.lokcheng.com\/es\/wp-json\/wp\/v2\/pages\/850\/revisions\/1895"}],"wp:attachment":[{"href":"https:\/\/www.lokcheng.com\/es\/wp-json\/wp\/v2\/media?parent=850"}],"curies":[{"name":"wp","href":"https:\/\/api.w.org\/{rel}","templated":true}]}}