{"id":1192,"date":"2019-04-05T04:47:32","date_gmt":"2019-04-05T02:47:32","guid":{"rendered":"https:\/\/demo.themegrill.com\/zakra\/?page_id=2"},"modified":"2020-02-03T12:22:33","modified_gmt":"2020-02-03T11:22:33","slug":"news","status":"publish","type":"page","link":"https:\/\/www.lokcheng.com\/es\/news\/","title":{"rendered":"NOTICIAS"},"content":{"rendered":"<div data-elementor-type=\"wp-page\" data-elementor-id=\"1192\" class=\"elementor elementor-1192\">\n\t\t\t\t\t\t<div class=\"elementor-inner\">\n\t\t\t\t<div class=\"elementor-section-wrap\">\n\t\t\t\t\t\t\t\t\t<section class=\"elementor-section elementor-top-section elementor-element elementor-element-fc8ea47 elementor-section-boxed elementor-section-height-default elementor-section-height-default\" data-id=\"fc8ea47\" data-element_type=\"section\">\n\t\t\t\t\t\t<div class=\"elementor-container elementor-column-gap-default\">\n\t\t\t\t\t\t\t<div class=\"elementor-row\">\n\t\t\t\t\t<div class=\"elementor-column elementor-col-100 elementor-top-column elementor-element elementor-element-5eeaf80\" data-id=\"5eeaf80\" data-element_type=\"column\">\n\t\t\t<div class=\"elementor-column-wrap elementor-element-populated\">\n\t\t\t\t\t\t\t<div class=\"elementor-widget-wrap\">\n\t\t\t\t\t\t<div class=\"elementor-element elementor-element-7e8c4fb elementor-widget elementor-widget-heading\" data-id=\"7e8c4fb\" data-element_type=\"widget\" data-widget_type=\"heading.default\">\n\t\t\t\t<div class=\"elementor-widget-container\">\n\t\t\t<h2 class=\"elementor-heading-title elementor-size-default\">NOTICIAS<\/h2>\t\t<\/div>\n\t\t\t\t<\/div>\n\t\t\t\t\t\t<\/div>\n\t\t\t\t\t<\/div>\n\t\t<\/div>\n\t\t\t\t\t\t\t\t<\/div>\n\t\t\t\t\t<\/div>\n\t\t<\/section>\n\t\t\t\t<section class=\"elementor-section elementor-top-section elementor-element elementor-element-526112a6 elementor-section-boxed elementor-section-height-default elementor-section-height-default\" data-id=\"526112a6\" data-element_type=\"section\">\n\t\t\t\t\t\t<div class=\"elementor-container elementor-column-gap-no\">\n\t\t\t\t\t\t\t<div class=\"elementor-row\">\n\t\t\t\t\t<div class=\"elementor-column elementor-col-100 elementor-top-column elementor-element elementor-element-472e93c8\" data-id=\"472e93c8\" data-element_type=\"column\" data-settings=\"{&quot;background_background&quot;:&quot;classic&quot;}\">\n\t\t\t<div class=\"elementor-column-wrap elementor-element-populated\">\n\t\t\t\t\t\t\t<div class=\"elementor-widget-wrap\">\n\t\t\t\t\t\t<div class=\"elementor-element elementor-element-13e35ded elementor-widget elementor-widget-image\" data-id=\"13e35ded\" data-element_type=\"widget\" data-widget_type=\"image.default\">\n\t\t\t\t<div class=\"elementor-widget-container\">\n\t\t\t\t\t\t\t\t<div class=\"elementor-image\">\n\t\t\t\t\t\t\t\t\t\t\t\t\t<a href=\"https:\/\/www.lokcheng.com\/es\/wordpress\/2019\/10\/02\/%e5%9b%a2%e8%b4%ad%e5%b0%8f%e7%a8%8b%e5%ba%8f%e4%b8%8a%e7%ba%bf%e5%95%a6\/\">\n\t\t\t\t\t\t\t<img width=\"500\" height=\"327\" src=\"https:\/\/www.lokcheng.com\/wp-content\/uploads\/2019\/10\/tuangou.jpg\" class=\"attachment-full size-full\" alt=\"\" loading=\"lazy\" srcset=\"https:\/\/www.lokcheng.com\/wp-content\/uploads\/2019\/10\/tuangou.jpg 500w, https:\/\/www.lokcheng.com\/wp-content\/uploads\/2019\/10\/tuangou-300x196.jpg 300w\" sizes=\"(max-width: 500px) 100vw, 500px\" \/>\t\t\t\t\t\t\t\t<\/a>\n\t\t\t\t\t\t\t\t\t\t\t\t\t\t<\/div>\n\t\t\t\t\t\t<\/div>\n\t\t\t\t<\/div>\n\t\t\t\t<div class=\"elementor-element elementor-element-4f8dfdfa elementor-widget elementor-widget-heading\" data-id=\"4f8dfdfa\" data-element_type=\"widget\" data-widget_type=\"heading.default\">\n\t\t\t\t<div class=\"elementor-widget-container\">\n\t\t\t<h3 class=\"elementor-heading-title elementor-size-large\"><a href=\"https:\/\/www.lokcheng.com\/es\/wordpress\/2019\/10\/02\/%e5%9b%a2%e8%b4%ad%e5%b0%8f%e7%a8%8b%e5%ba%8f%e4%b8%8a%e7%ba%bf%e5%95%a6\/\">Compra Grupal<\/a><\/h3>\t\t<\/div>\n\t\t\t\t<\/div>\n\t\t\t\t<div class=\"elementor-element elementor-element-54308a7 elementor-widget elementor-widget-text-editor\" data-id=\"54308a7\" data-element_type=\"widget\" data-widget_type=\"text-editor.default\">\n\t\t\t\t<div class=\"elementor-widget-container\">\n\t\t\t\t\t\t\t\t<div class=\"elementor-text-editor elementor-clearfix\">\n\t\t\t\t<p>El programa de compras del Grupo Lucheng a trav\u00e9s de We Chat se mantiene en l\u00ednea y en contacto permanente con nuestros clientes y f\u00e1cil de utilizar ofreciendo productos a bajo costo y de muy buena calidad.<\/p>\t\t\t\t\t<\/div>\n\t\t\t\t\t\t<\/div>\n\t\t\t\t<\/div>\n\t\t\t\t\t\t<\/div>\n\t\t\t\t\t<\/div>\n\t\t<\/div>\n\t\t\t\t\t\t\t\t<\/div>\n\t\t\t\t\t<\/div>\n\t\t<\/section>\n\t\t\t\t\t\t\t\t\t<\/div>\n\t\t\t<\/div>\n\t\t\t\t\t<\/div>","protected":false},"excerpt":{"rendered":"<p>\u9e7f\u57ce\u65b0\u95fb \u9e7f\u57ce\u56e2\u8d2d \u9e7f\u57ce\u5fae\u4fe1\u56e2\u8d2d\u5c0f\u7a0b\u5e8f\u4e0a\u7ebf\u5566\uff0c\u5feb\u626b\u4e00\u626b\u4e00\u8d77\u6765\u56e2\u8d2d\u5427\uff0c\u4eab\u53d7\u4ef7\u5ec9\u7269\u7f8e\u7684\u8d27\u7269<\/p>","protected":false},"author":1,"featured_media":0,"parent":0,"menu_order":0,"comment_status":"closed","ping_status":"closed","template":"","meta":[],"_links":{"self":[{"href":"https:\/\/www.lokcheng.com\/es\/wp-json\/wp\/v2\/pages\/1192"}],"collection":[{"href":"https:\/\/www.lokcheng.com\/es\/wp-json\/wp\/v2\/pages"}],"about":[{"href":"https:\/\/www.lokcheng.com\/es\/wp-json\/wp\/v2\/types\/page"}],"author":[{"embeddable":true,"href":"https:\/\/www.lokcheng.com\/es\/wp-json\/wp\/v2\/users\/1"}],"replies":[{"embeddable":true,"href":"https:\/\/www.lokcheng.com\/es\/wp-json\/wp\/v2\/comments?post=1192"}],"version-history":[{"count":15,"href":"https:\/\/www.lokcheng.com\/es\/wp-json\/wp\/v2\/pages\/1192\/revisions"}],"predecessor-version":[{"id":1919,"href":"https:\/\/www.lokcheng.com\/es\/wp-json\/wp\/v2\/pages\/1192\/revisions\/1919"}],"wp:attachment":[{"href":"https:\/\/www.lokcheng.com\/es\/wp-json\/wp\/v2\/media?parent=1192"}],"curies":[{"name":"wp","href":"https:\/\/api.w.org\/{rel}","templated":true}]}}