{"id":2016,"date":"2021-02-18T15:22:20","date_gmt":"2021-02-18T14:22:20","guid":{"rendered":"http:\/\/www.lokcheng.com\/?page_id=2016"},"modified":"2021-02-18T15:40:08","modified_gmt":"2021-02-18T14:40:08","slug":"tang%e6%9d%a1%e6%ac%be","status":"publish","type":"page","link":"http:\/\/www.lokcheng.com\/es\/alimentaria\/tang%e6%9d%a1%e6%ac%be\/","title":{"rendered":"Condiciones de TANG GOURMET SL"},"content":{"rendered":"<div data-elementor-type=\"wp-page\" data-elementor-id=\"2016\" class=\"elementor elementor-2016\">\n\t\t\t\t\t\t<div class=\"elementor-inner\">\n\t\t\t\t<div class=\"elementor-section-wrap\">\n\t\t\t\t\t\t\t\t\t<section class=\"elementor-section elementor-top-section elementor-element elementor-element-4cfcf518 elementor-section-stretched elementor-section-boxed elementor-section-height-default elementor-section-height-default\" data-id=\"4cfcf518\" data-element_type=\"section\" data-settings=\"{&quot;stretch_section&quot;:&quot;section-stretched&quot;,&quot;background_background&quot;:&quot;gradient&quot;}\">\n\t\t\t\t\t\t<div class=\"elementor-container elementor-column-gap-default\">\n\t\t\t\t\t\t\t<div class=\"elementor-row\">\n\t\t\t\t\t<div class=\"elementor-column elementor-col-100 elementor-top-column elementor-element elementor-element-57f2b0e5\" data-id=\"57f2b0e5\" data-element_type=\"column\">\n\t\t\t<div class=\"elementor-column-wrap elementor-element-populated\">\n\t\t\t\t\t\t\t<div class=\"elementor-widget-wrap\">\n\t\t\t\t\t\t<div class=\"elementor-element elementor-element-6d3acf73 elementor-widget elementor-widget-text-editor\" data-id=\"6d3acf73\" data-element_type=\"widget\" data-widget_type=\"text-editor.default\">\n\t\t\t\t<div class=\"elementor-widget-container\">\n\t\t\t\t\t\t\t\t<div class=\"elementor-text-editor elementor-clearfix\">\n\t\t\t\t<p><strong>Terminos Generales de Venta de Tang Gourmet SL<\/strong><\/p>\t\t\t\t\t<\/div>\n\t\t\t\t\t\t<\/div>\n\t\t\t\t<\/div>\n\t\t\t\t\t\t<\/div>\n\t\t\t\t\t<\/div>\n\t\t<\/div>\n\t\t\t\t\t\t\t\t<\/div>\n\t\t\t\t\t<\/div>\n\t\t<\/section>\n\t\t\t\t<section class=\"elementor-section elementor-top-section elementor-element elementor-element-3abf7dee elementor-section-stretched elementor-section-boxed elementor-section-height-default elementor-section-height-default\" data-id=\"3abf7dee\" data-element_type=\"section\" data-settings=\"{&quot;stretch_section&quot;:&quot;section-stretched&quot;}\">\n\t\t\t\t\t\t<div class=\"elementor-container elementor-column-gap-default\">\n\t\t\t\t\t\t\t<div class=\"elementor-row\">\n\t\t\t\t\t<div class=\"elementor-column elementor-col-100 elementor-top-column elementor-element elementor-element-2f9b9cba\" data-id=\"2f9b9cba\" data-element_type=\"column\">\n\t\t\t<div class=\"elementor-column-wrap elementor-element-populated\">\n\t\t\t\t\t\t\t<div class=\"elementor-widget-wrap\">\n\t\t\t\t\t\t<div class=\"elementor-element elementor-element-54602f79 elementor-widget elementor-widget-text-editor\" data-id=\"54602f79\" data-element_type=\"widget\" data-widget_type=\"text-editor.default\">\n\t\t\t\t<div class=\"elementor-widget-container\">\n\t\t\t\t\t\t\t\t<div class=\"elementor-text-editor elementor-clearfix\">\n\t\t\t\t<p>La factura de venta generada a la perona o entidad indicada de acuerdo con los datos de identificacion por ella facilitados, tales como la Raz\u00f3n Social o Nombre, NIF\/CIF, direcci\u00f3n, etc. Siendo de su exclusiva responsabilidad la veracidad de los mismos.<\/p><p>Salvo pacto expreso por escrito entre las partes, se entiende que la venta de la mercancia se entender\u00e1 efectuada bajo la modalidad EX WORKS (INCOTERM 2000), por lo que el comprador asume el coste de transporte y el riesgo de mercanc\u00eda desde que la misma es puesta por TANG GOURMET SL a su disposicion en el punto de venta.<\/p><p>La mercanc\u00eda objeto de esta factura se entiende recibida de conformidad por el Comprador que ha revisado con anterioridad y aceptado su estado.<\/p><p>La recepci\u00f3n (por el cliente o por su transportista designado) de la mercanc\u00eda objeto de la presente operaci\u00f3n se atiende de plena conformidad por el cliente, que ha verificado su idoneidad a la entrega bien directamente o a trav\u00e9s de su transportista desinado; y ello salvo que se haga constar expresa protesta en el albar\u00e1n de entrega.<\/p><p>Caso de venta telefonica, por fax o cualquier otra via telem\u00e1tica, con entrega a domicilio, la recepci\u00f3n sin protesta tiene el mismo efecto jur\u00eddico. En todo caso, no se adminitira reclamaci\u00f3n alguna sobre la cantidad o calidad del producto transcurridas 24 horas desde la entrega efectiva de la mercanc\u00eda.<\/p><p>A no ser que las partes convengan una forma diferente de pago, la factura se entendera con vencimiento a la vista, por lo que su impago generar\u00e1 los intereses de demora legalmente establecidos desde el dia siguiente a la fecha de emisi\u00f3n de la factura, o en su caso de la recepci\u00f3n de la mercanc\u00eda. El domicilio de pago es el domicilio social de TANG GOURMET SL que figura en el encabezado del presente documento. Si el pago se hiciere por medio de cheque, pagar\u00e9, o cualquier otro efecto, en caso de impago, todos los gastos comerciales, de protesto, administrativos o judiciales que conlleve, seran de cuenta del cliente: incluidos honorarios de procurador y letrado, aun cuando su intervencion no fuere preceptiva.<\/p><p>Para todo lo relacionado con la falta de pago del importe de esta FACTURA, el comprador se somete a la jurisdiccion y competencia de los Juzgados y Tribunales de Madrid, con renuncia de su fuero propio.<\/p><p>De conformidad con la Ley Org\u00e1nica 15\/1999 le informamos de que los datos personales que nos ha facilitado pasar\u00e1n a integrarse en el fichero de clientes cuyo responsable es TANG GOURMET SL, con la finalidad de gestionar sus pedidos y remitirle por cualquier media oferta de nuetros productos. Si no desea recibir ofertas, o si desea acceder, rectificar o cancelar sus datos le rogamos nos lo solicite por escrito a TANG GOURMET SL, Calle Julio palacios,28 Pol. Inustrial Nuestra Se\u00f1ora del Butarque Madrid 28914,specificando claramente sus datos junto con copia de su DNI.<\/p><p>\u00a0<\/p>\t\t\t\t\t<\/div>\n\t\t\t\t\t\t<\/div>\n\t\t\t\t<\/div>\n\t\t\t\t\t\t<\/div>\n\t\t\t\t\t<\/div>\n\t\t<\/div>\n\t\t\t\t\t\t\t\t<\/div>\n\t\t\t\t\t<\/div>\n\t\t<\/section>\n\t\t\t\t\t\t\t\t\t<\/div>\n\t\t\t<\/div>\n\t\t\t\t\t<\/div>","protected":false},"excerpt":{"rendered":"<p>Terminos Generales de Venta de Tang Gourmet SL La factu [&hellip;]<\/p>","protected":false},"author":1,"featured_media":0,"parent":970,"menu_order":0,"comment_status":"closed","ping_status":"closed","template":"","meta":[],"_links":{"self":[{"href":"http:\/\/www.lokcheng.com\/es\/wp-json\/wp\/v2\/pages\/2016"}],"collection":[{"href":"http:\/\/www.lokcheng.com\/es\/wp-json\/wp\/v2\/pages"}],"about":[{"href":"http:\/\/www.lokcheng.com\/es\/wp-json\/wp\/v2\/types\/page"}],"author":[{"embeddable":true,"href":"http:\/\/www.lokcheng.com\/es\/wp-json\/wp\/v2\/users\/1"}],"replies":[{"embeddable":true,"href":"http:\/\/www.lokcheng.com\/es\/wp-json\/wp\/v2\/comments?post=2016"}],"version-history":[{"count":8,"href":"http:\/\/www.lokcheng.com\/es\/wp-json\/wp\/v2\/pages\/2016\/revisions"}],"predecessor-version":[{"id":2025,"href":"http:\/\/www.lokcheng.com\/es\/wp-json\/wp\/v2\/pages\/2016\/revisions\/2025"}],"up":[{"embeddable":true,"href":"http:\/\/www.lokcheng.com\/es\/wp-json\/wp\/v2\/pages\/970"}],"wp:attachment":[{"href":"http:\/\/www.lokcheng.com\/es\/wp-json\/wp\/v2\/media?parent=2016"}],"curies":[{"name":"wp","href":"https:\/\/api.w.org\/{rel}","templated":true}]}}